{"id":88,"date":"2022-02-17T14:06:47","date_gmt":"2022-02-17T14:06:47","guid":{"rendered":"https:\/\/jobs.rosch-industrieservice.de\/?page_id=88"},"modified":"2026-03-05T10:44:48","modified_gmt":"2026-03-05T10:44:48","slug":"home","status":"publish","type":"page","link":"https:\/\/jobs.rosch-industrieservice.de\/","title":{"rendered":""},"content":{"rendered":"<h2>Mit Sicherheit ein guter Job&#8230;<\/h2>\n<p>ROSCH Industrieservice GmbH mit Hauptsitz in Prinzh\u00f6fte macht Wind und sorgt f\u00fcr Effizienz und einwandfreien Betrieb von Windenergieanlagen sowie Industrieservice. Wir erarbeiten kundenindividuelle, professionelle Service-Leistungen nach den Standards der neuesten Technologien. Das macht ROSCH stark \u2013 als souver\u00e4ner zertifizierter Qualit\u00e4ts-Dienstleister f\u00fcr Wind &amp; Industrie und l\u00e4sst uns kontinuierlich wachsen.<\/p>\n<p>\t\t\t\t\t\t\t\t\t\t\t\t\t\t\t<img fetchpriority=\"high\" decoding=\"async\" width=\"1024\" height=\"683\" src=\"https:\/\/jobs.rosch-industrieservice.de\/wp-content\/uploads\/2023\/10\/AdobeStock_387618261-1024x683.jpg\" alt=\"\" srcset=\"https:\/\/jobs.rosch-industrieservice.de\/wp-content\/uploads\/2023\/10\/AdobeStock_387618261-1024x683.jpg 1024w, https:\/\/jobs.rosch-industrieservice.de\/wp-content\/uploads\/2023\/10\/AdobeStock_387618261-300x200.jpg 300w, https:\/\/jobs.rosch-industrieservice.de\/wp-content\/uploads\/2023\/10\/AdobeStock_387618261-768x512.jpg 768w, https:\/\/jobs.rosch-industrieservice.de\/wp-content\/uploads\/2023\/10\/AdobeStock_387618261-1536x1024.jpg 1536w, https:\/\/jobs.rosch-industrieservice.de\/wp-content\/uploads\/2023\/10\/AdobeStock_387618261-2048x1366.jpg 2048w, https:\/\/jobs.rosch-industrieservice.de\/wp-content\/uploads\/2023\/10\/AdobeStock_387618261-1000x667.jpg 1000w, https:\/\/jobs.rosch-industrieservice.de\/wp-content\/uploads\/2023\/10\/AdobeStock_387618261-230x153.jpg 230w, https:\/\/jobs.rosch-industrieservice.de\/wp-content\/uploads\/2023\/10\/AdobeStock_387618261-350x233.jpg 350w, https:\/\/jobs.rosch-industrieservice.de\/wp-content\/uploads\/2023\/10\/AdobeStock_387618261-480x320.jpg 480w\" sizes=\"(max-width: 1024px) 100vw, 1024px\" \/>\t\t\t\t\t\t\t\t\t\t\t\t\t\t\t<\/p>\n<h2>Wir suchen<\/h2>\n<h2 data-elementor-setting-key=\"title\" data-pen-placeholder=\"Eingabe hier...\">Stahlbauer \/ Mechaniker (m\/w\/d) f\u00fcr den Freileitungsbau in Deutschland<\/h2>\n<p>\t\t\t\t\t<a href=\"https:\/\/jobs.rosch-industrieservice.de\/index.php\/elektriker-mechaniker-fuer-windenergie-photovoltaik-sowie-industrieservice-m-w-d\/\"><br \/>\n\t\t\t\t\t\t\t\t\tJetzt bewerben<br \/>\n\t\t\t\t\t<\/a><\/p>\n<h2 data-elementor-setting-key=\"title\" data-pen-placeholder=\"Eingabe hier...\">Teamleiter \/ Elektriker (m\/w\/d) f\u00fcr Windenergie und Industrieservice<\/h2>\n<p>\t\t\t\t\t<a href=\"https:\/\/jobs.rosch-industrieservice.de\/index.php\/elektriker-mechaniker-fuer-windenergie-photovoltaik-sowie-industrieservice-m-w-d\/\"><br \/>\n\t\t\t\t\t\t\t\t\tJetzt bewerben<br \/>\n\t\t\t\t\t<\/a><\/p>\n<h2>Was wir dir bieten<\/h2>\n<ul>\n<li>Attraktive Verg\u00fctung<\/li>\n<li>flexible und r\u00fccksichtsvolle Arbeitsplanung<\/li>\n<li>Gestaltungsm\u00f6glichkeiten in einem motivierten, wachsenden Team<\/li>\n<li>Eigener Laptop\/ Handy wird f\u00fcr die Arbeit bereitgestellt<\/li>\n<li>Mitarbeiterrabatte (Corporate Benefits, Hansefit)&nbsp;<\/li>\n<li>Bonuszahlung<\/li>\n<li>Unbefristeter Arbeitsvertrag<\/li>\n<li>Umfangreiche Trainings und Weiterqualifizierungsm\u00f6glichkeiten<\/li>\n<li>Hochwertige Schutzausr\u00fcstung und Werkzeuge<\/li>\n<li>Arbeiten in einem digitalisierten Betrieb<\/li>\n<li>Betriebsarzt<\/li>\n<li>Mitarbeiterevents<\/li>\n<li>Abwechslungsreiche T\u00e4tigkeiten und spannende Projekte<\/li>\n<\/ul>\n","protected":false},"excerpt":{"rendered":"<p>Mit Sicherheit ein guter Job&#8230; ROSCH Industrieservice GmbH mit Hauptsitz in Prinzh\u00f6fte macht Wind und sorgt f\u00fcr Effizienz und einwandfreien Betrieb von [&hellip;]<\/p>\n","protected":false},"author":1,"featured_media":0,"parent":0,"menu_order":0,"comment_status":"closed","ping_status":"closed","template":"","meta":{"footnotes":""},"class_list":["post-88","page","type-page","status-publish","hentry"],"_links":{"self":[{"href":"https:\/\/jobs.rosch-industrieservice.de\/index.php\/wp-json\/wp\/v2\/pages\/88","targetHints":{"allow":["GET"]}}],"collection":[{"href":"https:\/\/jobs.rosch-industrieservice.de\/index.php\/wp-json\/wp\/v2\/pages"}],"about":[{"href":"https:\/\/jobs.rosch-industrieservice.de\/index.php\/wp-json\/wp\/v2\/types\/page"}],"author":[{"embeddable":true,"href":"https:\/\/jobs.rosch-industrieservice.de\/index.php\/wp-json\/wp\/v2\/users\/1"}],"replies":[{"embeddable":true,"href":"https:\/\/jobs.rosch-industrieservice.de\/index.php\/wp-json\/wp\/v2\/comments?post=88"}],"version-history":[{"count":269,"href":"https:\/\/jobs.rosch-industrieservice.de\/index.php\/wp-json\/wp\/v2\/pages\/88\/revisions"}],"predecessor-version":[{"id":643,"href":"https:\/\/jobs.rosch-industrieservice.de\/index.php\/wp-json\/wp\/v2\/pages\/88\/revisions\/643"}],"wp:attachment":[{"href":"https:\/\/jobs.rosch-industrieservice.de\/index.php\/wp-json\/wp\/v2\/media?parent=88"}],"curies":[{"name":"wp","href":"https:\/\/api.w.org\/{rel}","templated":true}]}}